{"id":706,"date":"2023-11-04T19:17:15","date_gmt":"2023-11-04T18:17:15","guid":{"rendered":"https:\/\/skillnjoy.com\/?page_id=706"},"modified":"2023-11-12T23:02:57","modified_gmt":"2023-11-12T22:02:57","slug":"business-n-joy","status":"publish","type":"page","link":"https:\/\/skillnjoy.com\/index.php\/business-n-joy\/","title":{"rendered":"BUSINESS&#8217;N&#8217;JOY"},"content":{"rendered":"\t\t<div data-elementor-type=\"wp-page\" data-elementor-id=\"706\" class=\"elementor elementor-706\">\n\t\t\t\t<div class=\"elementor-element elementor-element-c7a5d57 e-con-full e-flex e-con e-parent\" data-id=\"c7a5d57\" data-element_type=\"container\" data-e-type=\"container\" data-settings=\"{&quot;background_background&quot;:&quot;gradient&quot;}\">\n\t\t\t\t<div class=\"elementor-element elementor-element-5b82235 elementor-widget elementor-widget-heading\" data-id=\"5b82235\" data-element_type=\"widget\" data-e-type=\"widget\" data-widget_type=\"heading.default\">\n\t\t\t\t<div class=\"elementor-widget-container\">\n\t\t\t\t\t<h1 class=\"elementor-heading-title elementor-size-default\">BUSINESS'N'JOY<\/h1>\t\t\t\t<\/div>\n\t\t\t\t<\/div>\n\t\t\t\t<div class=\"elementor-element elementor-element-5f108a5 elementor-widget-divider--view-line elementor-widget elementor-widget-divider\" data-id=\"5f108a5\" data-element_type=\"widget\" data-e-type=\"widget\" data-widget_type=\"divider.default\">\n\t\t\t\t<div class=\"elementor-widget-container\">\n\t\t\t\t\t\t\t<div class=\"elementor-divider\">\n\t\t\t<span class=\"elementor-divider-separator\">\n\t\t\t\t\t\t<\/span>\n\t\t<\/div>\n\t\t\t\t\t\t<\/div>\n\t\t\t\t<\/div>\n\t\t\t\t<div class=\"elementor-element elementor-element-d797e3a elementor-widget elementor-widget-heading\" data-id=\"d797e3a\" data-element_type=\"widget\" data-e-type=\"widget\" data-widget_type=\"heading.default\">\n\t\t\t\t<div class=\"elementor-widget-container\">\n\t\t\t\t\t<h2 class=\"elementor-heading-title elementor-size-default\">D\u00e9veloppez votre business gr\u00e2ce \u00e0 la formation<\/h2>\t\t\t\t<\/div>\n\t\t\t\t<\/div>\n\t\t\t\t<\/div>\n\t\t<div class=\"elementor-element elementor-element-b4fed04 e-flex e-con-boxed e-con e-parent\" data-id=\"b4fed04\" data-element_type=\"container\" data-e-type=\"container\">\n\t\t\t\t\t<div class=\"e-con-inner\">\n\t\t<div class=\"elementor-element elementor-element-a44a635 e-flex e-con-boxed e-con e-child\" data-id=\"a44a635\" data-element_type=\"container\" data-e-type=\"container\">\n\t\t\t\t\t<div class=\"e-con-inner\">\n\t\t\t\t<div class=\"elementor-element elementor-element-8b6652f elementor-widget elementor-widget-heading\" data-id=\"8b6652f\" data-element_type=\"widget\" data-e-type=\"widget\" data-widget_type=\"heading.default\">\n\t\t\t\t<div class=\"elementor-widget-container\">\n\t\t\t\t\t<h2 class=\"elementor-heading-title elementor-size-default\">Vivre ou survivre ? Telle est la question...<\/h2>\t\t\t\t<\/div>\n\t\t\t\t<\/div>\n\t\t\t\t<div class=\"elementor-element elementor-element-3eea051 elementor-widget elementor-widget-text-editor\" data-id=\"3eea051\" data-element_type=\"widget\" data-e-type=\"widget\" data-widget_type=\"text-editor.default\">\n\t\t\t\t<div class=\"elementor-widget-container\">\n\t\t\t\t\t\t\t\t\t<p><span style=\"text-align: var(--text-align); letter-spacing: 0px;\"><strong>LA<\/strong> mission impossible de l&#8217;entrepreneur : agir seul.\u00a0<\/span><\/p><p><span style=\"text-align: var(--text-align); letter-spacing: 0px;\">La premi\u00e8re erreur est de croire que l&#8217;on poss\u00e8de toutes les connaissances approfondies pour piloter son entreprise sans aucun partenaire.<\/span><\/p>\t\t\t\t\t\t\t\t<\/div>\n\t\t\t\t<\/div>\n\t\t\t\t\t<\/div>\n\t\t\t\t<\/div>\n\t\t\t\t<div class=\"elementor-element elementor-element-8458f5e elementor-widget elementor-widget-text-editor\" data-id=\"8458f5e\" data-element_type=\"widget\" data-e-type=\"widget\" data-widget_type=\"text-editor.default\">\n\t\t\t\t<div class=\"elementor-widget-container\">\n\t\t\t\t\t\t\t\t\t<p>Pour rem\u00e9dier \u00e0 cet isolement, nous vous proposons des accompagnements sp\u00e9cifiques cr\u00e9es uniquement pour vous, sur plusieurs th\u00e9matiques comme :<\/p>\t\t\t\t\t\t\t\t<\/div>\n\t\t\t\t<\/div>\n\t\t\t\t\t<\/div>\n\t\t\t\t<\/div>\n\t\t<div class=\"elementor-element elementor-element-1cbde37 e-flex e-con-boxed e-con e-parent\" data-id=\"1cbde37\" data-element_type=\"container\" data-e-type=\"container\" data-settings=\"{&quot;background_background&quot;:&quot;gradient&quot;,&quot;shape_divider_top&quot;:&quot;mountains&quot;}\">\n\t\t\t\t\t<div class=\"e-con-inner\">\n\t\t\t\t<div class=\"elementor-shape elementor-shape-top\" aria-hidden=\"true\" data-negative=\"false\">\n\t\t\t<svg xmlns=\"http:\/\/www.w3.org\/2000\/svg\" viewBox=\"0 0 1000 100\" preserveAspectRatio=\"none\">\n\t<path class=\"elementor-shape-fill\" opacity=\"0.33\" d=\"M473,67.3c-203.9,88.3-263.1-34-320.3,0C66,119.1,0,59.7,0,59.7V0h1000v59.7 c0,0-62.1,26.1-94.9,29.3c-32.8,3.3-62.8-12.3-75.8-22.1C806,49.6,745.3,8.7,694.9,4.7S492.4,59,473,67.3z\"\/>\n\t<path class=\"elementor-shape-fill\" opacity=\"0.66\" d=\"M734,67.3c-45.5,0-77.2-23.2-129.1-39.1c-28.6-8.7-150.3-10.1-254,39.1 s-91.7-34.4-149.2,0C115.7,118.3,0,39.8,0,39.8V0h1000v36.5c0,0-28.2-18.5-92.1-18.5C810.2,18.1,775.7,67.3,734,67.3z\"\/>\n\t<path class=\"elementor-shape-fill\" d=\"M766.1,28.9c-200-57.5-266,65.5-395.1,19.5C242,1.8,242,5.4,184.8,20.6C128,35.8,132.3,44.9,89.9,52.5C28.6,63.7,0,0,0,0 h1000c0,0-9.9,40.9-83.6,48.1S829.6,47,766.1,28.9z\"\/>\n<\/svg>\t\t<\/div>\n\t\t\t\t<div class=\"elementor-element elementor-element-030766b elementor-widget elementor-widget-heading\" data-id=\"030766b\" data-element_type=\"widget\" data-e-type=\"widget\" data-widget_type=\"heading.default\">\n\t\t\t\t<div class=\"elementor-widget-container\">\n\t\t\t\t\t<h2 class=\"elementor-heading-title elementor-size-default\">LES FORMATIONS \u00c0 LA DEMANDE<\/h2>\t\t\t\t<\/div>\n\t\t\t\t<\/div>\n\t\t\t\t<div class=\"elementor-element elementor-element-22d7d23 elementor-widget elementor-widget-heading\" data-id=\"22d7d23\" data-element_type=\"widget\" data-e-type=\"widget\" data-widget_type=\"heading.default\">\n\t\t\t\t<div class=\"elementor-widget-container\">\n\t\t\t\t\t<h3 class=\"elementor-heading-title elementor-size-default\">Trouvez la formation qui vous correspond<\/h3>\t\t\t\t<\/div>\n\t\t\t\t<\/div>\n\t\t\t\t<div class=\"elementor-element elementor-element-7da2dc3 elementor-widget-divider--view-line elementor-widget elementor-widget-divider\" data-id=\"7da2dc3\" data-element_type=\"widget\" data-e-type=\"widget\" data-widget_type=\"divider.default\">\n\t\t\t\t<div class=\"elementor-widget-container\">\n\t\t\t\t\t\t\t<div class=\"elementor-divider\">\n\t\t\t<span class=\"elementor-divider-separator\">\n\t\t\t\t\t\t<\/span>\n\t\t<\/div>\n\t\t\t\t\t\t<\/div>\n\t\t\t\t<\/div>\n\t\t\t\t\t<\/div>\n\t\t\t\t<\/div>\n\t\t<div class=\"elementor-element elementor-element-1f12b0b e-flex e-con-boxed e-con e-parent\" data-id=\"1f12b0b\" data-element_type=\"container\" data-e-type=\"container\" data-settings=\"{&quot;background_background&quot;:&quot;gradient&quot;,&quot;shape_divider_bottom&quot;:&quot;mountains&quot;}\">\n\t\t\t\t\t<div class=\"e-con-inner\">\n\t\t\t\t<div class=\"elementor-shape elementor-shape-bottom\" aria-hidden=\"true\" data-negative=\"false\">\n\t\t\t<svg xmlns=\"http:\/\/www.w3.org\/2000\/svg\" viewBox=\"0 0 1000 100\" preserveAspectRatio=\"none\">\n\t<path class=\"elementor-shape-fill\" opacity=\"0.33\" d=\"M473,67.3c-203.9,88.3-263.1-34-320.3,0C66,119.1,0,59.7,0,59.7V0h1000v59.7 c0,0-62.1,26.1-94.9,29.3c-32.8,3.3-62.8-12.3-75.8-22.1C806,49.6,745.3,8.7,694.9,4.7S492.4,59,473,67.3z\"\/>\n\t<path class=\"elementor-shape-fill\" opacity=\"0.66\" d=\"M734,67.3c-45.5,0-77.2-23.2-129.1-39.1c-28.6-8.7-150.3-10.1-254,39.1 s-91.7-34.4-149.2,0C115.7,118.3,0,39.8,0,39.8V0h1000v36.5c0,0-28.2-18.5-92.1-18.5C810.2,18.1,775.7,67.3,734,67.3z\"\/>\n\t<path class=\"elementor-shape-fill\" d=\"M766.1,28.9c-200-57.5-266,65.5-395.1,19.5C242,1.8,242,5.4,184.8,20.6C128,35.8,132.3,44.9,89.9,52.5C28.6,63.7,0,0,0,0 h1000c0,0-9.9,40.9-83.6,48.1S829.6,47,766.1,28.9z\"\/>\n<\/svg>\t\t<\/div>\n\t\t<div class=\"elementor-element elementor-element-424e22c e-con-full e-flex e-con e-child\" data-id=\"424e22c\" data-element_type=\"container\" data-e-type=\"container\">\n\t\t\t\t<div class=\"elementor-element elementor-element-8174487 elementor-widget elementor-widget-text-editor\" data-id=\"8174487\" data-element_type=\"widget\" data-e-type=\"widget\" data-widget_type=\"text-editor.default\">\n\t\t\t\t<div class=\"elementor-widget-container\">\n\t\t\t\t\t\t\t\t\t<ul><li style=\"list-style-type: none;\"><ul><li>Process organisation<\/li><li>Audit financier<\/li><li>Management<\/li><li>Web<\/li><li>Marketing<\/li><li>Et bien d&#8217;autres, nous sommes \u00e0 votre disposition pour rechercher les ressources humaines n\u00e9cessaires pour r\u00e9pondre \u00e0 votre demande<\/li><\/ul><\/li><\/ul>\t\t\t\t\t\t\t\t<\/div>\n\t\t\t\t<\/div>\n\t\t\t\t<div class=\"elementor-element elementor-element-a2a9317 elementor-widget elementor-widget-button\" data-id=\"a2a9317\" data-element_type=\"widget\" data-e-type=\"widget\" data-widget_type=\"button.default\">\n\t\t\t\t<div class=\"elementor-widget-container\">\n\t\t\t\t\t\t\t\t\t<div class=\"elementor-button-wrapper\">\n\t\t\t\t\t<a class=\"elementor-button elementor-button-link elementor-size-md\" href=\"https:\/\/skillnjoy.com\/index.php\/contactez-nous\/\">\n\t\t\t\t\t\t<span class=\"elementor-button-content-wrapper\">\n\t\t\t\t\t\t\t\t\t<span class=\"elementor-button-text\">Nous contacter<\/span>\n\t\t\t\t\t<\/span>\n\t\t\t\t\t<\/a>\n\t\t\t\t<\/div>\n\t\t\t\t\t\t\t\t<\/div>\n\t\t\t\t<\/div>\n\t\t\t\t<\/div>\n\t\t<div class=\"elementor-element elementor-element-5c2acf0 e-con-full e-flex e-con e-child\" data-id=\"5c2acf0\" data-element_type=\"container\" data-e-type=\"container\">\n\t\t\t\t<div class=\"elementor-element elementor-element-f481db9 elementor-widget elementor-widget-image\" data-id=\"f481db9\" data-element_type=\"widget\" data-e-type=\"widget\" data-widget_type=\"image.default\">\n\t\t\t\t<div class=\"elementor-widget-container\">\n\t\t\t\t\t\t\t\t\t\t\t\t\t\t\t<img fetchpriority=\"high\" decoding=\"async\" width=\"923\" height=\"475\" src=\"https:\/\/i0.wp.com\/skillnjoy.com\/wp-content\/uploads\/2023\/11\/business_illustration1-scaled.jpeg?fit=923%2C475&amp;ssl=1\" class=\"attachment-large size-large wp-image-978\" alt=\"\" srcset=\"https:\/\/i0.wp.com\/skillnjoy.com\/wp-content\/uploads\/2023\/11\/business_illustration1-scaled.jpeg?w=2560&amp;ssl=1 2560w, https:\/\/i0.wp.com\/skillnjoy.com\/wp-content\/uploads\/2023\/11\/business_illustration1-scaled.jpeg?resize=300%2C154&amp;ssl=1 300w, https:\/\/i0.wp.com\/skillnjoy.com\/wp-content\/uploads\/2023\/11\/business_illustration1-scaled.jpeg?resize=1024%2C527&amp;ssl=1 1024w, https:\/\/i0.wp.com\/skillnjoy.com\/wp-content\/uploads\/2023\/11\/business_illustration1-scaled.jpeg?resize=768%2C395&amp;ssl=1 768w, https:\/\/i0.wp.com\/skillnjoy.com\/wp-content\/uploads\/2023\/11\/business_illustration1-scaled.jpeg?resize=1536%2C790&amp;ssl=1 1536w, https:\/\/i0.wp.com\/skillnjoy.com\/wp-content\/uploads\/2023\/11\/business_illustration1-scaled.jpeg?resize=2048%2C1054&amp;ssl=1 2048w, https:\/\/i0.wp.com\/skillnjoy.com\/wp-content\/uploads\/2023\/11\/business_illustration1-scaled.jpeg?w=1846 1846w\" sizes=\"(max-width: 923px) 100vw, 923px\" \/>\t\t\t\t\t\t\t\t\t\t\t\t\t\t\t<\/div>\n\t\t\t\t<\/div>\n\t\t\t\t<\/div>\n\t\t\t\t\t<\/div>\n\t\t\t\t<\/div>\n\t\t<div class=\"elementor-element elementor-element-a0892c5 e-flex e-con-boxed e-con e-parent\" data-id=\"a0892c5\" data-element_type=\"container\" data-e-type=\"container\">\n\t\t\t\t\t<div class=\"e-con-inner\">\n\t\t\t\t<div class=\"elementor-element elementor-element-5b274f0 elementor-widget elementor-widget-heading\" data-id=\"5b274f0\" data-element_type=\"widget\" data-e-type=\"widget\" data-widget_type=\"heading.default\">\n\t\t\t\t<div class=\"elementor-widget-container\">\n\t\t\t\t\t<h2 class=\"elementor-heading-title elementor-size-default\">PASS \u00c0 LA DEMANDE<\/h2>\t\t\t\t<\/div>\n\t\t\t\t<\/div>\n\t\t\t\t<div class=\"elementor-element elementor-element-edbcd14 elementor-widget elementor-widget-heading\" data-id=\"edbcd14\" data-element_type=\"widget\" data-e-type=\"widget\" data-widget_type=\"heading.default\">\n\t\t\t\t<div class=\"elementor-widget-container\">\n\t\t\t\t\t<h3 class=\"elementor-heading-title elementor-size-default\">Accompagnement \u00e0 la carte en fonction de vos besoins<\/h3>\t\t\t\t<\/div>\n\t\t\t\t<\/div>\n\t\t\t\t<div class=\"elementor-element elementor-element-178e0bb elementor-widget-divider--view-line elementor-widget elementor-widget-divider\" data-id=\"178e0bb\" data-element_type=\"widget\" data-e-type=\"widget\" data-widget_type=\"divider.default\">\n\t\t\t\t<div class=\"elementor-widget-container\">\n\t\t\t\t\t\t\t<div class=\"elementor-divider\">\n\t\t\t<span class=\"elementor-divider-separator\">\n\t\t\t\t\t\t<\/span>\n\t\t<\/div>\n\t\t\t\t\t\t<\/div>\n\t\t\t\t<\/div>\n\t\t\t\t\t<\/div>\n\t\t\t\t<\/div>\n\t\t<div class=\"elementor-element elementor-element-a46fe15 e-flex e-con-boxed e-con e-parent\" data-id=\"a46fe15\" data-element_type=\"container\" data-e-type=\"container\" data-settings=\"{&quot;shape_divider_bottom&quot;:&quot;mountains&quot;}\">\n\t\t\t\t\t<div class=\"e-con-inner\">\n\t\t\t\t<div class=\"elementor-shape elementor-shape-bottom\" aria-hidden=\"true\" data-negative=\"false\">\n\t\t\t<svg xmlns=\"http:\/\/www.w3.org\/2000\/svg\" viewBox=\"0 0 1000 100\" preserveAspectRatio=\"none\">\n\t<path class=\"elementor-shape-fill\" opacity=\"0.33\" d=\"M473,67.3c-203.9,88.3-263.1-34-320.3,0C66,119.1,0,59.7,0,59.7V0h1000v59.7 c0,0-62.1,26.1-94.9,29.3c-32.8,3.3-62.8-12.3-75.8-22.1C806,49.6,745.3,8.7,694.9,4.7S492.4,59,473,67.3z\"\/>\n\t<path class=\"elementor-shape-fill\" opacity=\"0.66\" d=\"M734,67.3c-45.5,0-77.2-23.2-129.1-39.1c-28.6-8.7-150.3-10.1-254,39.1 s-91.7-34.4-149.2,0C115.7,118.3,0,39.8,0,39.8V0h1000v36.5c0,0-28.2-18.5-92.1-18.5C810.2,18.1,775.7,67.3,734,67.3z\"\/>\n\t<path class=\"elementor-shape-fill\" d=\"M766.1,28.9c-200-57.5-266,65.5-395.1,19.5C242,1.8,242,5.4,184.8,20.6C128,35.8,132.3,44.9,89.9,52.5C28.6,63.7,0,0,0,0 h1000c0,0-9.9,40.9-83.6,48.1S829.6,47,766.1,28.9z\"\/>\n<\/svg>\t\t<\/div>\n\t\t<div class=\"elementor-element elementor-element-266b8f8 e-con-full e-flex e-con e-child\" data-id=\"266b8f8\" data-element_type=\"container\" data-e-type=\"container\">\n\t\t\t\t<div class=\"elementor-element elementor-element-66e58fc elementor-widget elementor-widget-image\" data-id=\"66e58fc\" data-element_type=\"widget\" data-e-type=\"widget\" data-widget_type=\"image.default\">\n\t\t\t\t<div class=\"elementor-widget-container\">\n\t\t\t\t\t\t\t\t\t\t\t\t\t\t\t<img decoding=\"async\" width=\"923\" height=\"615\" src=\"https:\/\/i0.wp.com\/skillnjoy.com\/wp-content\/uploads\/2023\/11\/business_illustration2.png?fit=923%2C615&amp;ssl=1\" class=\"attachment-large size-large wp-image-979\" alt=\"\" srcset=\"https:\/\/i0.wp.com\/skillnjoy.com\/wp-content\/uploads\/2023\/11\/business_illustration2.png?w=2398&amp;ssl=1 2398w, https:\/\/i0.wp.com\/skillnjoy.com\/wp-content\/uploads\/2023\/11\/business_illustration2.png?resize=300%2C200&amp;ssl=1 300w, https:\/\/i0.wp.com\/skillnjoy.com\/wp-content\/uploads\/2023\/11\/business_illustration2.png?resize=1024%2C682&amp;ssl=1 1024w, https:\/\/i0.wp.com\/skillnjoy.com\/wp-content\/uploads\/2023\/11\/business_illustration2.png?resize=768%2C511&amp;ssl=1 768w, https:\/\/i0.wp.com\/skillnjoy.com\/wp-content\/uploads\/2023\/11\/business_illustration2.png?resize=1536%2C1022&amp;ssl=1 1536w, https:\/\/i0.wp.com\/skillnjoy.com\/wp-content\/uploads\/2023\/11\/business_illustration2.png?resize=2048%2C1363&amp;ssl=1 2048w, https:\/\/i0.wp.com\/skillnjoy.com\/wp-content\/uploads\/2023\/11\/business_illustration2.png?w=1846 1846w\" sizes=\"(max-width: 923px) 100vw, 923px\" \/>\t\t\t\t\t\t\t\t\t\t\t\t\t\t\t<\/div>\n\t\t\t\t<\/div>\n\t\t\t\t<\/div>\n\t\t<div class=\"elementor-element elementor-element-10b3260 e-con-full e-flex e-con e-child\" data-id=\"10b3260\" data-element_type=\"container\" data-e-type=\"container\">\n\t\t\t\t<div class=\"elementor-element elementor-element-23dd262 elementor-widget elementor-widget-text-editor\" data-id=\"23dd262\" data-element_type=\"widget\" data-e-type=\"widget\" data-widget_type=\"text-editor.default\">\n\t\t\t\t<div class=\"elementor-widget-container\">\n\t\t\t\t\t\t\t\t\t<ol>\n \t<li><strong>V\u00e9rification d&#8217;un ou plusieurs crit\u00e8res avant audit :<\/strong>\n<ul>\n \t<li>Diagnostic d&#8217;un ou plusieurs crit\u00e8res<\/li>\n \t<li>Aide \u00e0 la r\u00e9daction (indicateurs et preuves)<\/li><br\/>\n<\/ul>\n<\/li>\n \t<li><strong>R\u00e9alisation d&#8217;un audit blanc (initial, surveillance, renouvellement) :<\/strong>\n<ul>\n \t<li>Pr\u00e9paration de l&#8217;audit<\/li>\n \t<li>Mise en situation<\/li>\n<\/ul>\n&nbsp;<\/li>\n \t<li><strong>Pour rester certifi\u00e9 : suivi durant le cycle de vie de votre certification Qualiopi :<\/strong>\n<ul>\n \t<li>Accompagnement dans la mise en pratique des crit\u00e8res du R\u00e9f\u00e9rent National de Qualit\u00e9 selon un rythme d\u00e9fini<\/li>\n \t<li>V\u00e9rification administrative de vos dossiers, collecte des informations pour mener \u00e0 bien les diff\u00e9rentes veilles, partage de bonnes pratiques etc.<\/li>\n \t<li>Abonnement sans engagement mensuel ou trimestriel<\/li>\n<\/ul>\n<\/li>\n<\/ol>\t\t\t\t\t\t\t\t<\/div>\n\t\t\t\t<\/div>\n\t\t\t\t<div class=\"elementor-element elementor-element-169f4b8 elementor-widget elementor-widget-button\" data-id=\"169f4b8\" data-element_type=\"widget\" data-e-type=\"widget\" data-widget_type=\"button.default\">\n\t\t\t\t<div class=\"elementor-widget-container\">\n\t\t\t\t\t\t\t\t\t<div class=\"elementor-button-wrapper\">\n\t\t\t\t\t<a class=\"elementor-button elementor-button-link elementor-size-md\" href=\"https:\/\/skillnjoy.com\/index.php\/contactez-nous\/\">\n\t\t\t\t\t\t<span class=\"elementor-button-content-wrapper\">\n\t\t\t\t\t\t\t\t\t<span class=\"elementor-button-text\">Nous contacter<\/span>\n\t\t\t\t\t<\/span>\n\t\t\t\t\t<\/a>\n\t\t\t\t<\/div>\n\t\t\t\t\t\t\t\t<\/div>\n\t\t\t\t<\/div>\n\t\t\t\t<\/div>\n\t\t\t\t\t<\/div>\n\t\t\t\t<\/div>\n\t\t\t\t<\/div>\n\t\t","protected":false},"excerpt":{"rendered":"<p>BUSINESS&#8217;N&#8217;JOY D\u00e9veloppez votre business gr\u00e2ce \u00e0 la formation Vivre ou survivre ? Telle est la question&#8230; LA mission impossible de l&#8217;entrepreneur : agir seul.\u00a0 La premi\u00e8re erreur est de croire que l&#8217;on poss\u00e8de toutes les connaissances approfondies pour piloter son entreprise sans aucun partenaire. Pour rem\u00e9dier \u00e0 cet isolement, nous vous proposons des accompagnements sp\u00e9cifiques&hellip;<\/p>\n","protected":false},"author":1,"featured_media":0,"parent":0,"menu_order":0,"comment_status":"closed","ping_status":"closed","template":"","meta":{"footnotes":""},"class_list":["post-706","page","type-page","status-publish","hentry"],"jetpack_sharing_enabled":true,"_links":{"self":[{"href":"https:\/\/skillnjoy.com\/index.php\/wp-json\/wp\/v2\/pages\/706","targetHints":{"allow":["GET"]}}],"collection":[{"href":"https:\/\/skillnjoy.com\/index.php\/wp-json\/wp\/v2\/pages"}],"about":[{"href":"https:\/\/skillnjoy.com\/index.php\/wp-json\/wp\/v2\/types\/page"}],"author":[{"embeddable":true,"href":"https:\/\/skillnjoy.com\/index.php\/wp-json\/wp\/v2\/users\/1"}],"replies":[{"embeddable":true,"href":"https:\/\/skillnjoy.com\/index.php\/wp-json\/wp\/v2\/comments?post=706"}],"version-history":[{"count":29,"href":"https:\/\/skillnjoy.com\/index.php\/wp-json\/wp\/v2\/pages\/706\/revisions"}],"predecessor-version":[{"id":1032,"href":"https:\/\/skillnjoy.com\/index.php\/wp-json\/wp\/v2\/pages\/706\/revisions\/1032"}],"wp:attachment":[{"href":"https:\/\/skillnjoy.com\/index.php\/wp-json\/wp\/v2\/media?parent=706"}],"curies":[{"name":"wp","href":"https:\/\/api.w.org\/{rel}","templated":true}]}}