{"id":694,"date":"2023-11-04T19:10:15","date_gmt":"2023-11-04T18:10:15","guid":{"rendered":"https:\/\/skillnjoy.com\/?page_id=694"},"modified":"2025-05-21T21:44:33","modified_gmt":"2025-05-21T19:44:33","slug":"think-n-joy","status":"publish","type":"page","link":"https:\/\/skillnjoy.com\/index.php\/think-n-joy\/","title":{"rendered":"THINK&#8217;N&#8217;JOY"},"content":{"rendered":"\t\t<div data-elementor-type=\"wp-page\" data-elementor-id=\"694\" class=\"elementor elementor-694\">\n\t\t\t\t<div class=\"elementor-element elementor-element-5956989 e-con-full e-flex e-con e-parent\" data-id=\"5956989\" data-element_type=\"container\" data-settings=\"{&quot;background_background&quot;:&quot;gradient&quot;}\">\n\t\t\t\t<div class=\"elementor-element elementor-element-610898c elementor-widget elementor-widget-heading\" data-id=\"610898c\" data-element_type=\"widget\" data-widget_type=\"heading.default\">\n\t\t\t\t<div class=\"elementor-widget-container\">\n\t\t\t\t\t<h1 class=\"elementor-heading-title elementor-size-default\">THINK'N'JOY<\/h1>\t\t\t\t<\/div>\n\t\t\t\t<\/div>\n\t\t\t\t<div class=\"elementor-element elementor-element-bc33158 elementor-widget-divider--view-line elementor-widget elementor-widget-divider\" data-id=\"bc33158\" data-element_type=\"widget\" data-widget_type=\"divider.default\">\n\t\t\t\t<div class=\"elementor-widget-container\">\n\t\t\t\t\t\t\t<div class=\"elementor-divider\">\n\t\t\t<span class=\"elementor-divider-separator\">\n\t\t\t\t\t\t<\/span>\n\t\t<\/div>\n\t\t\t\t\t\t<\/div>\n\t\t\t\t<\/div>\n\t\t\t\t<div class=\"elementor-element elementor-element-809a628 elementor-widget elementor-widget-heading\" data-id=\"809a628\" data-element_type=\"widget\" data-widget_type=\"heading.default\">\n\t\t\t\t<div class=\"elementor-widget-container\">\n\t\t\t\t\t<h2 class=\"elementor-heading-title elementor-size-default\">Cultivez l'intelligence collective, Inspirez l'innovation<\/h2>\t\t\t\t<\/div>\n\t\t\t\t<\/div>\n\t\t\t\t<\/div>\n\t\t<div class=\"elementor-element elementor-element-2966133 e-flex e-con-boxed e-con e-parent\" data-id=\"2966133\" data-element_type=\"container\">\n\t\t\t\t\t<div class=\"e-con-inner\">\n\t\t<div class=\"elementor-element elementor-element-3117e1f e-flex e-con-boxed e-con e-child\" data-id=\"3117e1f\" data-element_type=\"container\">\n\t\t\t\t\t<div class=\"e-con-inner\">\n\t\t\t\t<div class=\"elementor-element elementor-element-7dbf676 elementor-widget elementor-widget-heading\" data-id=\"7dbf676\" data-element_type=\"widget\" data-widget_type=\"heading.default\">\n\t\t\t\t<div class=\"elementor-widget-container\">\n\t\t\t\t\t<h2 class=\"elementor-heading-title elementor-size-default\">\"Quand les cerveaux se rencontrent, les rires fusent et les id\u00e9es brillantes naissent avec un sourire\"<\/h2>\t\t\t\t<\/div>\n\t\t\t\t<\/div>\n\t\t\t\t<div class=\"elementor-element elementor-element-5169fc1 elementor-widget elementor-widget-text-editor\" data-id=\"5169fc1\" data-element_type=\"widget\" data-widget_type=\"text-editor.default\">\n\t\t\t\t<div class=\"elementor-widget-container\">\n\t\t\t\t\t\t\t\t\t<p>L&#8217;intelligence collective est la capacit\u00e9 d&#8217;un groupe \u00e0 combiner et \u00e0 mobiliser les comp\u00e9tences individuelles de ses membres pour r\u00e9soudre des probl\u00e8mes complexes, g\u00e9n\u00e9rer des id\u00e9es novatrices et prendre des d\u00e9cisions \u00e9clair\u00e9es.<\/p><p>Chez Skill&#8217;n&#8217;Joy, nous croyons fermement que chaque individu d\u00e9tient une part de sagesse et d&#8217;expertise, et que la v\u00e9ritable magie op\u00e8re lorsque ces connaissances sont partag\u00e9es et mises en commun au sein d&#8217;un groupe.<\/p><p>Nos activit\u00e9s d&#8217;intelligence collective sont con\u00e7ues pour exploiter pleinement ces avantages, en offrant des exp\u00e9riences interactives et enrichissantes qui stimulent la cr\u00e9ativit\u00e9, renforcent le liens d&#8217;\u00e9quipe et favorisent l&#8217;innovation.\u00a0<\/p>\t\t\t\t\t\t\t\t<\/div>\n\t\t\t\t<\/div>\n\t\t\t\t\t<\/div>\n\t\t\t\t<\/div>\n\t\t\t\t\t<\/div>\n\t\t\t\t<\/div>\n\t\t<div class=\"elementor-element elementor-element-36e2eff e-flex e-con-boxed e-con e-parent\" data-id=\"36e2eff\" data-element_type=\"container\" data-settings=\"{&quot;background_background&quot;:&quot;gradient&quot;,&quot;shape_divider_top&quot;:&quot;mountains&quot;}\">\n\t\t\t\t\t<div class=\"e-con-inner\">\n\t\t\t\t<div class=\"elementor-shape elementor-shape-top\" data-negative=\"false\">\n\t\t\t<svg xmlns=\"http:\/\/www.w3.org\/2000\/svg\" viewBox=\"0 0 1000 100\" preserveAspectRatio=\"none\">\n\t<path class=\"elementor-shape-fill\" opacity=\"0.33\" d=\"M473,67.3c-203.9,88.3-263.1-34-320.3,0C66,119.1,0,59.7,0,59.7V0h1000v59.7 c0,0-62.1,26.1-94.9,29.3c-32.8,3.3-62.8-12.3-75.8-22.1C806,49.6,745.3,8.7,694.9,4.7S492.4,59,473,67.3z\"\/>\n\t<path class=\"elementor-shape-fill\" opacity=\"0.66\" d=\"M734,67.3c-45.5,0-77.2-23.2-129.1-39.1c-28.6-8.7-150.3-10.1-254,39.1 s-91.7-34.4-149.2,0C115.7,118.3,0,39.8,0,39.8V0h1000v36.5c0,0-28.2-18.5-92.1-18.5C810.2,18.1,775.7,67.3,734,67.3z\"\/>\n\t<path class=\"elementor-shape-fill\" d=\"M766.1,28.9c-200-57.5-266,65.5-395.1,19.5C242,1.8,242,5.4,184.8,20.6C128,35.8,132.3,44.9,89.9,52.5C28.6,63.7,0,0,0,0 h1000c0,0-9.9,40.9-83.6,48.1S829.6,47,766.1,28.9z\"\/>\n<\/svg>\t\t<\/div>\n\t\t\t\t<div class=\"elementor-element elementor-element-bc0c635 elementor-widget elementor-widget-heading\" data-id=\"bc0c635\" data-element_type=\"widget\" data-widget_type=\"heading.default\">\n\t\t\t\t<div class=\"elementor-widget-container\">\n\t\t\t\t\t<h2 class=\"elementor-heading-title elementor-size-default\">LES OBJECTIFS DES ATELIERS<\/h2>\t\t\t\t<\/div>\n\t\t\t\t<\/div>\n\t\t\t\t<div class=\"elementor-element elementor-element-9305481 elementor-widget elementor-widget-heading\" data-id=\"9305481\" data-element_type=\"widget\" data-widget_type=\"heading.default\">\n\t\t\t\t<div class=\"elementor-widget-container\">\n\t\t\t\t\t<h3 class=\"elementor-heading-title elementor-size-default\">Lib\u00e9rez le plein potentiel de votre \u00e9quipe !<\/h3>\t\t\t\t<\/div>\n\t\t\t\t<\/div>\n\t\t\t\t<div class=\"elementor-element elementor-element-2c33278 elementor-widget-divider--view-line elementor-widget elementor-widget-divider\" data-id=\"2c33278\" data-element_type=\"widget\" data-widget_type=\"divider.default\">\n\t\t\t\t<div class=\"elementor-widget-container\">\n\t\t\t\t\t\t\t<div class=\"elementor-divider\">\n\t\t\t<span class=\"elementor-divider-separator\">\n\t\t\t\t\t\t<\/span>\n\t\t<\/div>\n\t\t\t\t\t\t<\/div>\n\t\t\t\t<\/div>\n\t\t\t\t\t<\/div>\n\t\t\t\t<\/div>\n\t\t<div class=\"elementor-element elementor-element-afdbc86 e-flex e-con-boxed e-con e-parent\" data-id=\"afdbc86\" data-element_type=\"container\" data-settings=\"{&quot;background_background&quot;:&quot;gradient&quot;,&quot;shape_divider_bottom&quot;:&quot;mountains&quot;}\">\n\t\t\t\t\t<div class=\"e-con-inner\">\n\t\t\t\t<div class=\"elementor-shape elementor-shape-bottom\" data-negative=\"false\">\n\t\t\t<svg xmlns=\"http:\/\/www.w3.org\/2000\/svg\" viewBox=\"0 0 1000 100\" preserveAspectRatio=\"none\">\n\t<path class=\"elementor-shape-fill\" opacity=\"0.33\" d=\"M473,67.3c-203.9,88.3-263.1-34-320.3,0C66,119.1,0,59.7,0,59.7V0h1000v59.7 c0,0-62.1,26.1-94.9,29.3c-32.8,3.3-62.8-12.3-75.8-22.1C806,49.6,745.3,8.7,694.9,4.7S492.4,59,473,67.3z\"\/>\n\t<path class=\"elementor-shape-fill\" opacity=\"0.66\" d=\"M734,67.3c-45.5,0-77.2-23.2-129.1-39.1c-28.6-8.7-150.3-10.1-254,39.1 s-91.7-34.4-149.2,0C115.7,118.3,0,39.8,0,39.8V0h1000v36.5c0,0-28.2-18.5-92.1-18.5C810.2,18.1,775.7,67.3,734,67.3z\"\/>\n\t<path class=\"elementor-shape-fill\" d=\"M766.1,28.9c-200-57.5-266,65.5-395.1,19.5C242,1.8,242,5.4,184.8,20.6C128,35.8,132.3,44.9,89.9,52.5C28.6,63.7,0,0,0,0 h1000c0,0-9.9,40.9-83.6,48.1S829.6,47,766.1,28.9z\"\/>\n<\/svg>\t\t<\/div>\n\t\t<div class=\"elementor-element elementor-element-6cf0c0b e-con-full e-flex e-con e-child\" data-id=\"6cf0c0b\" data-element_type=\"container\">\n\t\t\t\t<div class=\"elementor-element elementor-element-6a90515 elementor-widget elementor-widget-text-editor\" data-id=\"6a90515\" data-element_type=\"widget\" data-widget_type=\"text-editor.default\">\n\t\t\t\t<div class=\"elementor-widget-container\">\n\t\t\t\t\t\t\t\t\t<div><b>Nos ateliers sont con\u00e7us pour d\u00e9velopper les domaines suivants:<\/b><\/div><div><b>\u00a0<\/b><\/div><ol><li style=\"list-style-type: none;\"><ul><li>Cr\u00e9ativit\u00e9 et Innovation<\/li><li>Engagement et Coh\u00e9sion<\/li><li>Agilit\u00e9 et Adaptabilit\u00e9<\/li><li>Prise de d\u00e9cision<\/li><li>R\u00e9solution de probl\u00e8mes<\/li><li>Ad\u00e9quation Projet-March\u00e9<\/li><\/ul><\/li><\/ol>\t\t\t\t\t\t\t\t<\/div>\n\t\t\t\t<\/div>\n\t\t\t\t<div class=\"elementor-element elementor-element-9dd6882 elementor-widget elementor-widget-button\" data-id=\"9dd6882\" data-element_type=\"widget\" data-widget_type=\"button.default\">\n\t\t\t\t<div class=\"elementor-widget-container\">\n\t\t\t\t\t\t\t\t\t<div class=\"elementor-button-wrapper\">\n\t\t\t\t\t<a class=\"elementor-button elementor-button-link elementor-size-md\" href=\"https:\/\/skillnjoy.com\/index.php\/contactez-nous\/\">\n\t\t\t\t\t\t<span class=\"elementor-button-content-wrapper\">\n\t\t\t\t\t\t\t\t\t<span class=\"elementor-button-text\">Nous contacter<\/span>\n\t\t\t\t\t<\/span>\n\t\t\t\t\t<\/a>\n\t\t\t\t<\/div>\n\t\t\t\t\t\t\t\t<\/div>\n\t\t\t\t<\/div>\n\t\t\t\t<\/div>\n\t\t<div class=\"elementor-element elementor-element-c3a28f1 e-con-full e-flex e-con e-child\" data-id=\"c3a28f1\" data-element_type=\"container\">\n\t\t\t\t<div class=\"elementor-element elementor-element-0e4c8e3 elementor-widget elementor-widget-image\" data-id=\"0e4c8e3\" data-element_type=\"widget\" data-widget_type=\"image.default\">\n\t\t\t\t<div class=\"elementor-widget-container\">\n\t\t\t\t\t\t\t\t\t\t\t\t\t\t\t<img fetchpriority=\"high\" decoding=\"async\" width=\"1024\" height=\"645\" src=\"https:\/\/i0.wp.com\/skillnjoy.com\/wp-content\/uploads\/2023\/11\/crea_illustration2.jpeg?fit=1024%2C645&amp;ssl=1\" class=\"attachment-large size-large wp-image-981\" alt=\"\" srcset=\"https:\/\/i0.wp.com\/skillnjoy.com\/wp-content\/uploads\/2023\/11\/crea_illustration2.jpeg?w=2378&amp;ssl=1 2378w, https:\/\/i0.wp.com\/skillnjoy.com\/wp-content\/uploads\/2023\/11\/crea_illustration2.jpeg?resize=300%2C189&amp;ssl=1 300w, https:\/\/i0.wp.com\/skillnjoy.com\/wp-content\/uploads\/2023\/11\/crea_illustration2.jpeg?resize=1024%2C645&amp;ssl=1 1024w, https:\/\/i0.wp.com\/skillnjoy.com\/wp-content\/uploads\/2023\/11\/crea_illustration2.jpeg?resize=768%2C484&amp;ssl=1 768w, https:\/\/i0.wp.com\/skillnjoy.com\/wp-content\/uploads\/2023\/11\/crea_illustration2.jpeg?resize=1536%2C968&amp;ssl=1 1536w, https:\/\/i0.wp.com\/skillnjoy.com\/wp-content\/uploads\/2023\/11\/crea_illustration2.jpeg?resize=2048%2C1290&amp;ssl=1 2048w\" sizes=\"(max-width: 1024px) 100vw, 1024px\" \/>\t\t\t\t\t\t\t\t\t\t\t\t\t\t\t<\/div>\n\t\t\t\t<\/div>\n\t\t\t\t<\/div>\n\t\t\t\t\t<\/div>\n\t\t\t\t<\/div>\n\t\t<div class=\"elementor-element elementor-element-e77134f e-flex e-con-boxed e-con e-parent\" data-id=\"e77134f\" data-element_type=\"container\">\n\t\t\t\t\t<div class=\"e-con-inner\">\n\t\t\t\t<div class=\"elementor-element elementor-element-2a33e19 elementor-widget elementor-widget-heading\" data-id=\"2a33e19\" data-element_type=\"widget\" data-widget_type=\"heading.default\">\n\t\t\t\t<div class=\"elementor-widget-container\">\n\t\t\t\t\t<h2 class=\"elementor-heading-title elementor-size-default\">NOS ATELIERS<\/h2>\t\t\t\t<\/div>\n\t\t\t\t<\/div>\n\t\t\t\t<div class=\"elementor-element elementor-element-1bde081 elementor-widget elementor-widget-heading\" data-id=\"1bde081\" data-element_type=\"widget\" data-widget_type=\"heading.default\">\n\t\t\t\t<div class=\"elementor-widget-container\">\n\t\t\t\t\t<h3 class=\"elementor-heading-title elementor-size-default\">Des post it mais pas que...<\/h3>\t\t\t\t<\/div>\n\t\t\t\t<\/div>\n\t\t\t\t<div class=\"elementor-element elementor-element-3bb0085 elementor-widget-divider--view-line elementor-widget elementor-widget-divider\" data-id=\"3bb0085\" data-element_type=\"widget\" data-widget_type=\"divider.default\">\n\t\t\t\t<div class=\"elementor-widget-container\">\n\t\t\t\t\t\t\t<div class=\"elementor-divider\">\n\t\t\t<span class=\"elementor-divider-separator\">\n\t\t\t\t\t\t<\/span>\n\t\t<\/div>\n\t\t\t\t\t\t<\/div>\n\t\t\t\t<\/div>\n\t\t\t\t\t<\/div>\n\t\t\t\t<\/div>\n\t\t<div class=\"elementor-element elementor-element-ebe172f e-flex e-con-boxed e-con e-parent\" data-id=\"ebe172f\" data-element_type=\"container\" data-settings=\"{&quot;shape_divider_bottom&quot;:&quot;mountains&quot;}\">\n\t\t\t\t\t<div class=\"e-con-inner\">\n\t\t\t\t<div class=\"elementor-shape elementor-shape-bottom\" data-negative=\"false\">\n\t\t\t<svg xmlns=\"http:\/\/www.w3.org\/2000\/svg\" viewBox=\"0 0 1000 100\" preserveAspectRatio=\"none\">\n\t<path class=\"elementor-shape-fill\" opacity=\"0.33\" d=\"M473,67.3c-203.9,88.3-263.1-34-320.3,0C66,119.1,0,59.7,0,59.7V0h1000v59.7 c0,0-62.1,26.1-94.9,29.3c-32.8,3.3-62.8-12.3-75.8-22.1C806,49.6,745.3,8.7,694.9,4.7S492.4,59,473,67.3z\"\/>\n\t<path class=\"elementor-shape-fill\" opacity=\"0.66\" d=\"M734,67.3c-45.5,0-77.2-23.2-129.1-39.1c-28.6-8.7-150.3-10.1-254,39.1 s-91.7-34.4-149.2,0C115.7,118.3,0,39.8,0,39.8V0h1000v36.5c0,0-28.2-18.5-92.1-18.5C810.2,18.1,775.7,67.3,734,67.3z\"\/>\n\t<path class=\"elementor-shape-fill\" d=\"M766.1,28.9c-200-57.5-266,65.5-395.1,19.5C242,1.8,242,5.4,184.8,20.6C128,35.8,132.3,44.9,89.9,52.5C28.6,63.7,0,0,0,0 h1000c0,0-9.9,40.9-83.6,48.1S829.6,47,766.1,28.9z\"\/>\n<\/svg>\t\t<\/div>\n\t\t<div class=\"elementor-element elementor-element-ba45431 e-con-full e-flex e-con e-child\" data-id=\"ba45431\" data-element_type=\"container\">\n\t\t\t\t<div class=\"elementor-element elementor-element-5cb9d9c elementor-widget elementor-widget-image\" data-id=\"5cb9d9c\" data-element_type=\"widget\" data-widget_type=\"image.default\">\n\t\t\t\t<div class=\"elementor-widget-container\">\n\t\t\t\t\t\t\t\t\t\t\t\t\t\t\t<img decoding=\"async\" width=\"1024\" height=\"672\" src=\"https:\/\/i0.wp.com\/skillnjoy.com\/wp-content\/uploads\/2025\/05\/ateliers.jpg?fit=1024%2C672&amp;ssl=1\" class=\"attachment-large size-large wp-image-2694\" alt=\"\" srcset=\"https:\/\/i0.wp.com\/skillnjoy.com\/wp-content\/uploads\/2025\/05\/ateliers.jpg?w=2008&amp;ssl=1 2008w, https:\/\/i0.wp.com\/skillnjoy.com\/wp-content\/uploads\/2025\/05\/ateliers.jpg?resize=300%2C197&amp;ssl=1 300w, https:\/\/i0.wp.com\/skillnjoy.com\/wp-content\/uploads\/2025\/05\/ateliers.jpg?resize=1024%2C672&amp;ssl=1 1024w, https:\/\/i0.wp.com\/skillnjoy.com\/wp-content\/uploads\/2025\/05\/ateliers.jpg?resize=768%2C504&amp;ssl=1 768w, https:\/\/i0.wp.com\/skillnjoy.com\/wp-content\/uploads\/2025\/05\/ateliers.jpg?resize=1536%2C1008&amp;ssl=1 1536w\" sizes=\"(max-width: 1024px) 100vw, 1024px\" \/>\t\t\t\t\t\t\t\t\t\t\t\t\t\t\t<\/div>\n\t\t\t\t<\/div>\n\t\t\t\t<\/div>\n\t\t<div class=\"elementor-element elementor-element-5115d49 e-con-full e-flex e-con e-child\" data-id=\"5115d49\" data-element_type=\"container\">\n\t\t\t\t<div class=\"elementor-element elementor-element-e780d8d elementor-widget elementor-widget-text-editor\" data-id=\"e780d8d\" data-element_type=\"widget\" data-widget_type=\"text-editor.default\">\n\t\t\t\t<div class=\"elementor-widget-container\">\n\t\t\t\t\t\t\t\t\t<p>Nos ateliers s&#8217;adaptent \u00e0 chaque probl\u00e9matique, besoin.<\/p><p>Contactez nous pour en savoir plus !<\/p>\t\t\t\t\t\t\t\t<\/div>\n\t\t\t\t<\/div>\n\t\t\t\t<div class=\"elementor-element elementor-element-7f2fc66 elementor-widget elementor-widget-button\" data-id=\"7f2fc66\" data-element_type=\"widget\" data-widget_type=\"button.default\">\n\t\t\t\t<div class=\"elementor-widget-container\">\n\t\t\t\t\t\t\t\t\t<div class=\"elementor-button-wrapper\">\n\t\t\t\t\t<a class=\"elementor-button elementor-button-link elementor-size-md\" href=\"https:\/\/skillnjoy.com\/index.php\/contactez-nous\/\">\n\t\t\t\t\t\t<span class=\"elementor-button-content-wrapper\">\n\t\t\t\t\t\t\t\t\t<span class=\"elementor-button-text\">Nous contacter<\/span>\n\t\t\t\t\t<\/span>\n\t\t\t\t\t<\/a>\n\t\t\t\t<\/div>\n\t\t\t\t\t\t\t\t<\/div>\n\t\t\t\t<\/div>\n\t\t\t\t<\/div>\n\t\t\t\t\t<\/div>\n\t\t\t\t<\/div>\n\t\t\t\t<\/div>\n\t\t","protected":false},"excerpt":{"rendered":"<p>THINK&#8217;N&#8217;JOY Cultivez l&#8217;intelligence collective, Inspirez l&#8217;innovation &#8220;Quand les cerveaux se rencontrent, les rires fusent et les id\u00e9es brillantes naissent avec un sourire&#8221; L&#8217;intelligence collective est la capacit\u00e9 d&#8217;un groupe \u00e0 combiner et \u00e0 mobiliser les comp\u00e9tences individuelles de ses membres pour r\u00e9soudre des probl\u00e8mes complexes, g\u00e9n\u00e9rer des id\u00e9es novatrices et prendre des d\u00e9cisions \u00e9clair\u00e9es. Chez&hellip;<\/p>\n","protected":false},"author":1,"featured_media":0,"parent":0,"menu_order":0,"comment_status":"closed","ping_status":"closed","template":"","meta":{"footnotes":""},"class_list":["post-694","page","type-page","status-publish","hentry"],"jetpack_sharing_enabled":true,"_links":{"self":[{"href":"https:\/\/skillnjoy.com\/index.php\/wp-json\/wp\/v2\/pages\/694","targetHints":{"allow":["GET"]}}],"collection":[{"href":"https:\/\/skillnjoy.com\/index.php\/wp-json\/wp\/v2\/pages"}],"about":[{"href":"https:\/\/skillnjoy.com\/index.php\/wp-json\/wp\/v2\/types\/page"}],"author":[{"embeddable":true,"href":"https:\/\/skillnjoy.com\/index.php\/wp-json\/wp\/v2\/users\/1"}],"replies":[{"embeddable":true,"href":"https:\/\/skillnjoy.com\/index.php\/wp-json\/wp\/v2\/comments?post=694"}],"version-history":[{"count":39,"href":"https:\/\/skillnjoy.com\/index.php\/wp-json\/wp\/v2\/pages\/694\/revisions"}],"predecessor-version":[{"id":2697,"href":"https:\/\/skillnjoy.com\/index.php\/wp-json\/wp\/v2\/pages\/694\/revisions\/2697"}],"wp:attachment":[{"href":"https:\/\/skillnjoy.com\/index.php\/wp-json\/wp\/v2\/media?parent=694"}],"curies":[{"name":"wp","href":"https:\/\/api.w.org\/{rel}","templated":true}]}}