{"id":672,"date":"2023-11-04T18:53:47","date_gmt":"2023-11-04T17:53:47","guid":{"rendered":"https:\/\/skillnjoy.com\/?page_id=672"},"modified":"2025-05-21T21:48:58","modified_gmt":"2025-05-21T19:48:58","slug":"team-n-joy","status":"publish","type":"page","link":"https:\/\/skillnjoy.com\/index.php\/team-n-joy\/","title":{"rendered":"TEAM&#8217;N&#8217;JOY"},"content":{"rendered":"\t\t<div data-elementor-type=\"wp-page\" data-elementor-id=\"672\" class=\"elementor elementor-672\">\n\t\t\t\t<div class=\"elementor-element elementor-element-9f02b2f e-con-full e-flex e-con e-parent\" data-id=\"9f02b2f\" data-element_type=\"container\" data-settings=\"{&quot;background_background&quot;:&quot;gradient&quot;}\">\n\t\t\t\t<div class=\"elementor-element elementor-element-c248e6e elementor-widget elementor-widget-heading\" data-id=\"c248e6e\" data-element_type=\"widget\" data-widget_type=\"heading.default\">\n\t\t\t\t<div class=\"elementor-widget-container\">\n\t\t\t\t\t<h1 class=\"elementor-heading-title elementor-size-default\">TEAM'N'JOY<\/h1>\t\t\t\t<\/div>\n\t\t\t\t<\/div>\n\t\t\t\t<div class=\"elementor-element elementor-element-aa50f27 elementor-widget-divider--view-line elementor-widget elementor-widget-divider\" data-id=\"aa50f27\" data-element_type=\"widget\" data-widget_type=\"divider.default\">\n\t\t\t\t<div class=\"elementor-widget-container\">\n\t\t\t\t\t\t\t<div class=\"elementor-divider\">\n\t\t\t<span class=\"elementor-divider-separator\">\n\t\t\t\t\t\t<\/span>\n\t\t<\/div>\n\t\t\t\t\t\t<\/div>\n\t\t\t\t<\/div>\n\t\t\t\t<div class=\"elementor-element elementor-element-a399c75 elementor-widget elementor-widget-heading\" data-id=\"a399c75\" data-element_type=\"widget\" data-widget_type=\"heading.default\">\n\t\t\t\t<div class=\"elementor-widget-container\">\n\t\t\t\t\t<h2 class=\"elementor-heading-title elementor-size-default\">D\u00e9veloppez la coh\u00e9sion de votre \u00e9quipe<\/h2>\t\t\t\t<\/div>\n\t\t\t\t<\/div>\n\t\t\t\t<\/div>\n\t\t<div class=\"elementor-element elementor-element-b927a21 e-flex e-con-boxed e-con e-parent\" data-id=\"b927a21\" data-element_type=\"container\">\n\t\t\t\t\t<div class=\"e-con-inner\">\n\t\t<div class=\"elementor-element elementor-element-24f91eb e-flex e-con-boxed e-con e-child\" data-id=\"24f91eb\" data-element_type=\"container\">\n\t\t\t\t\t<div class=\"e-con-inner\">\n\t\t\t\t<div class=\"elementor-element elementor-element-77d8df3 elementor-widget elementor-widget-heading\" data-id=\"77d8df3\" data-element_type=\"widget\" data-widget_type=\"heading.default\">\n\t\t\t\t<div class=\"elementor-widget-container\">\n\t\t\t\t\t<h2 class=\"elementor-heading-title elementor-size-default\">Renforcez les liens, lib\u00e9rez le potentiel !<\/h2>\t\t\t\t<\/div>\n\t\t\t\t<\/div>\n\t\t\t\t<div class=\"elementor-element elementor-element-b53844e elementor-widget elementor-widget-text-editor\" data-id=\"b53844e\" data-element_type=\"widget\" data-widget_type=\"text-editor.default\">\n\t\t\t\t<div class=\"elementor-widget-container\">\n\t\t\t\t\t\t\t\t\t<p>En tant que leader, vous savez que le succ\u00e8s de votre entreprise repose en grande partie sur la force de votre \u00e9quipe.<\/p><p>Nos activit\u00e9s sont amusantes, engageantes et con\u00e7ues pour tous les niveaux de comp\u00e9tence.<\/p><p>\u00a0<\/p><p>Elles sont adapt\u00e9es \u00e0 votre entreprise, \u00e0 vos objectifs et \u00e0 votre budget !\u00a0<\/p><p>Pour en savoir plus et discuter de la mani\u00e8re dont nous pouvons aider votre \u00e9quipe \u00e0 atteindre de nouveaux sommets, contactez-nous !<\/p>\t\t\t\t\t\t\t\t<\/div>\n\t\t\t\t<\/div>\n\t\t\t\t\t<\/div>\n\t\t\t\t<\/div>\n\t\t\t\t\t<\/div>\n\t\t\t\t<\/div>\n\t\t<div class=\"elementor-element elementor-element-434e5af e-flex e-con-boxed e-con e-parent\" data-id=\"434e5af\" data-element_type=\"container\" data-settings=\"{&quot;background_background&quot;:&quot;gradient&quot;,&quot;shape_divider_top&quot;:&quot;mountains&quot;}\">\n\t\t\t\t\t<div class=\"e-con-inner\">\n\t\t\t\t<div class=\"elementor-shape elementor-shape-top\" data-negative=\"false\">\n\t\t\t<svg xmlns=\"http:\/\/www.w3.org\/2000\/svg\" viewBox=\"0 0 1000 100\" preserveAspectRatio=\"none\">\n\t<path class=\"elementor-shape-fill\" opacity=\"0.33\" d=\"M473,67.3c-203.9,88.3-263.1-34-320.3,0C66,119.1,0,59.7,0,59.7V0h1000v59.7 c0,0-62.1,26.1-94.9,29.3c-32.8,3.3-62.8-12.3-75.8-22.1C806,49.6,745.3,8.7,694.9,4.7S492.4,59,473,67.3z\"\/>\n\t<path class=\"elementor-shape-fill\" opacity=\"0.66\" d=\"M734,67.3c-45.5,0-77.2-23.2-129.1-39.1c-28.6-8.7-150.3-10.1-254,39.1 s-91.7-34.4-149.2,0C115.7,118.3,0,39.8,0,39.8V0h1000v36.5c0,0-28.2-18.5-92.1-18.5C810.2,18.1,775.7,67.3,734,67.3z\"\/>\n\t<path class=\"elementor-shape-fill\" d=\"M766.1,28.9c-200-57.5-266,65.5-395.1,19.5C242,1.8,242,5.4,184.8,20.6C128,35.8,132.3,44.9,89.9,52.5C28.6,63.7,0,0,0,0 h1000c0,0-9.9,40.9-83.6,48.1S829.6,47,766.1,28.9z\"\/>\n<\/svg>\t\t<\/div>\n\t\t\t\t<div class=\"elementor-element elementor-element-41b1565 elementor-widget elementor-widget-heading\" data-id=\"41b1565\" data-element_type=\"widget\" data-widget_type=\"heading.default\">\n\t\t\t\t<div class=\"elementor-widget-container\">\n\t\t\t\t\t<h2 class=\"elementor-heading-title elementor-size-default\">LES OBJECTIFS DU TEAM BUILDING  <\/h2>\t\t\t\t<\/div>\n\t\t\t\t<\/div>\n\t\t\t\t<div class=\"elementor-element elementor-element-1725ca2 elementor-widget elementor-widget-heading\" data-id=\"1725ca2\" data-element_type=\"widget\" data-widget_type=\"heading.default\">\n\t\t\t\t<div class=\"elementor-widget-container\">\n\t\t\t\t\t<h3 class=\"elementor-heading-title elementor-size-default\">Les experts de la coh\u00e9sion mais pas seulement<\/h3>\t\t\t\t<\/div>\n\t\t\t\t<\/div>\n\t\t\t\t<div class=\"elementor-element elementor-element-f737020 elementor-widget-divider--view-line elementor-widget elementor-widget-divider\" data-id=\"f737020\" data-element_type=\"widget\" data-widget_type=\"divider.default\">\n\t\t\t\t<div class=\"elementor-widget-container\">\n\t\t\t\t\t\t\t<div class=\"elementor-divider\">\n\t\t\t<span class=\"elementor-divider-separator\">\n\t\t\t\t\t\t<\/span>\n\t\t<\/div>\n\t\t\t\t\t\t<\/div>\n\t\t\t\t<\/div>\n\t\t\t\t\t<\/div>\n\t\t\t\t<\/div>\n\t\t<div class=\"elementor-element elementor-element-b62f025 e-flex e-con-boxed e-con e-parent\" data-id=\"b62f025\" data-element_type=\"container\" data-settings=\"{&quot;background_background&quot;:&quot;gradient&quot;,&quot;shape_divider_bottom&quot;:&quot;mountains&quot;}\">\n\t\t\t\t\t<div class=\"e-con-inner\">\n\t\t\t\t<div class=\"elementor-shape elementor-shape-bottom\" data-negative=\"false\">\n\t\t\t<svg xmlns=\"http:\/\/www.w3.org\/2000\/svg\" viewBox=\"0 0 1000 100\" preserveAspectRatio=\"none\">\n\t<path class=\"elementor-shape-fill\" opacity=\"0.33\" d=\"M473,67.3c-203.9,88.3-263.1-34-320.3,0C66,119.1,0,59.7,0,59.7V0h1000v59.7 c0,0-62.1,26.1-94.9,29.3c-32.8,3.3-62.8-12.3-75.8-22.1C806,49.6,745.3,8.7,694.9,4.7S492.4,59,473,67.3z\"\/>\n\t<path class=\"elementor-shape-fill\" opacity=\"0.66\" d=\"M734,67.3c-45.5,0-77.2-23.2-129.1-39.1c-28.6-8.7-150.3-10.1-254,39.1 s-91.7-34.4-149.2,0C115.7,118.3,0,39.8,0,39.8V0h1000v36.5c0,0-28.2-18.5-92.1-18.5C810.2,18.1,775.7,67.3,734,67.3z\"\/>\n\t<path class=\"elementor-shape-fill\" d=\"M766.1,28.9c-200-57.5-266,65.5-395.1,19.5C242,1.8,242,5.4,184.8,20.6C128,35.8,132.3,44.9,89.9,52.5C28.6,63.7,0,0,0,0 h1000c0,0-9.9,40.9-83.6,48.1S829.6,47,766.1,28.9z\"\/>\n<\/svg>\t\t<\/div>\n\t\t<div class=\"elementor-element elementor-element-da671fa e-con-full e-flex e-con e-child\" data-id=\"da671fa\" data-element_type=\"container\">\n\t\t\t\t<div class=\"elementor-element elementor-element-29e73a9 elementor-widget elementor-widget-text-editor\" data-id=\"29e73a9\" data-element_type=\"widget\" data-widget_type=\"text-editor.default\">\n\t\t\t\t<div class=\"elementor-widget-container\">\n\t\t\t\t\t\t\t\t\t<p>Nos programmes de Team Building et de Serious Game, ont \u00e9t\u00e9 con\u00e7us pour :<\/p><ul><li>Renforcer les liens au sein de votre \u00e9quipe, la confiance et la collaboration<\/li><li>Am\u00e9liorer la communication<\/li><li>D\u00e9velopper ou perfectionner de nouveaux process<\/li><li>Stimuler la cr\u00e9ativit\u00e9 et l&#8217;innovation<\/li><li>Favoriser le d\u00e9veloppement des comp\u00e9tences<\/li><li>Maximiser la productivit\u00e9<\/li><\/ul>\t\t\t\t\t\t\t\t<\/div>\n\t\t\t\t<\/div>\n\t\t\t\t<div class=\"elementor-element elementor-element-24797c7 elementor-widget elementor-widget-button\" data-id=\"24797c7\" data-element_type=\"widget\" data-widget_type=\"button.default\">\n\t\t\t\t<div class=\"elementor-widget-container\">\n\t\t\t\t\t\t\t\t\t<div class=\"elementor-button-wrapper\">\n\t\t\t\t\t<a class=\"elementor-button elementor-button-link elementor-size-md\" href=\"https:\/\/skillnjoy.com\/index.php\/contactez-nous\/\">\n\t\t\t\t\t\t<span class=\"elementor-button-content-wrapper\">\n\t\t\t\t\t\t\t\t\t<span class=\"elementor-button-text\">Nous contacter<\/span>\n\t\t\t\t\t<\/span>\n\t\t\t\t\t<\/a>\n\t\t\t\t<\/div>\n\t\t\t\t\t\t\t\t<\/div>\n\t\t\t\t<\/div>\n\t\t\t\t<\/div>\n\t\t<div class=\"elementor-element elementor-element-3660be8 e-con-full e-flex e-con e-child\" data-id=\"3660be8\" data-element_type=\"container\">\n\t\t\t\t<div class=\"elementor-element elementor-element-3c1f3d1 elementor-widget elementor-widget-image\" data-id=\"3c1f3d1\" data-element_type=\"widget\" data-widget_type=\"image.default\">\n\t\t\t\t<div class=\"elementor-widget-container\">\n\t\t\t\t\t\t\t\t\t\t\t\t\t\t\t<img fetchpriority=\"high\" decoding=\"async\" width=\"1024\" height=\"575\" src=\"https:\/\/i0.wp.com\/skillnjoy.com\/wp-content\/uploads\/2023\/11\/team_building_illustration.jpeg?fit=1024%2C575&amp;ssl=1\" class=\"attachment-large size-large wp-image-962\" alt=\"\" srcset=\"https:\/\/i0.wp.com\/skillnjoy.com\/wp-content\/uploads\/2023\/11\/team_building_illustration.jpeg?w=2302&amp;ssl=1 2302w, https:\/\/i0.wp.com\/skillnjoy.com\/wp-content\/uploads\/2023\/11\/team_building_illustration.jpeg?resize=300%2C168&amp;ssl=1 300w, https:\/\/i0.wp.com\/skillnjoy.com\/wp-content\/uploads\/2023\/11\/team_building_illustration.jpeg?resize=1024%2C575&amp;ssl=1 1024w, https:\/\/i0.wp.com\/skillnjoy.com\/wp-content\/uploads\/2023\/11\/team_building_illustration.jpeg?resize=768%2C431&amp;ssl=1 768w, https:\/\/i0.wp.com\/skillnjoy.com\/wp-content\/uploads\/2023\/11\/team_building_illustration.jpeg?resize=1536%2C862&amp;ssl=1 1536w, https:\/\/i0.wp.com\/skillnjoy.com\/wp-content\/uploads\/2023\/11\/team_building_illustration.jpeg?resize=2048%2C1149&amp;ssl=1 2048w, https:\/\/i0.wp.com\/skillnjoy.com\/wp-content\/uploads\/2023\/11\/team_building_illustration.jpeg?resize=1140%2C641&amp;ssl=1 1140w, https:\/\/i0.wp.com\/skillnjoy.com\/wp-content\/uploads\/2023\/11\/team_building_illustration.jpeg?resize=720%2C405&amp;ssl=1 720w\" sizes=\"(max-width: 1024px) 100vw, 1024px\" \/>\t\t\t\t\t\t\t\t\t\t\t\t\t\t\t<\/div>\n\t\t\t\t<\/div>\n\t\t\t\t<\/div>\n\t\t\t\t\t<\/div>\n\t\t\t\t<\/div>\n\t\t<div class=\"elementor-element elementor-element-9b27a49 e-flex e-con-boxed e-con e-parent\" data-id=\"9b27a49\" data-element_type=\"container\">\n\t\t\t\t\t<div class=\"e-con-inner\">\n\t\t\t\t<div class=\"elementor-element elementor-element-516f718 elementor-widget elementor-widget-heading\" data-id=\"516f718\" data-element_type=\"widget\" data-widget_type=\"heading.default\">\n\t\t\t\t<div class=\"elementor-widget-container\">\n\t\t\t\t\t<h2 class=\"elementor-heading-title elementor-size-default\">NOS ANIMATIONS TEAM BUILDING<\/h2>\t\t\t\t<\/div>\n\t\t\t\t<\/div>\n\t\t\t\t<div class=\"elementor-element elementor-element-460c36e elementor-widget elementor-widget-heading\" data-id=\"460c36e\" data-element_type=\"widget\" data-widget_type=\"heading.default\">\n\t\t\t\t<div class=\"elementor-widget-container\">\n\t\t\t\t\t<h3 class=\"elementor-heading-title elementor-size-default\">Nos activit\u00e9s s'inspirent de vous et s'adaptent \u00e0 vos besoins<\/h3>\t\t\t\t<\/div>\n\t\t\t\t<\/div>\n\t\t\t\t<div class=\"elementor-element elementor-element-b9b24e7 elementor-widget-divider--view-line elementor-widget elementor-widget-divider\" data-id=\"b9b24e7\" data-element_type=\"widget\" data-widget_type=\"divider.default\">\n\t\t\t\t<div class=\"elementor-widget-container\">\n\t\t\t\t\t\t\t<div class=\"elementor-divider\">\n\t\t\t<span class=\"elementor-divider-separator\">\n\t\t\t\t\t\t<\/span>\n\t\t<\/div>\n\t\t\t\t\t\t<\/div>\n\t\t\t\t<\/div>\n\t\t\t\t\t<\/div>\n\t\t\t\t<\/div>\n\t\t<div class=\"elementor-element elementor-element-2fd5ccc e-flex e-con-boxed e-con e-parent\" data-id=\"2fd5ccc\" data-element_type=\"container\" data-settings=\"{&quot;shape_divider_bottom&quot;:&quot;mountains&quot;}\">\n\t\t\t\t\t<div class=\"e-con-inner\">\n\t\t\t\t<div class=\"elementor-shape elementor-shape-bottom\" data-negative=\"false\">\n\t\t\t<svg xmlns=\"http:\/\/www.w3.org\/2000\/svg\" viewBox=\"0 0 1000 100\" preserveAspectRatio=\"none\">\n\t<path class=\"elementor-shape-fill\" opacity=\"0.33\" d=\"M473,67.3c-203.9,88.3-263.1-34-320.3,0C66,119.1,0,59.7,0,59.7V0h1000v59.7 c0,0-62.1,26.1-94.9,29.3c-32.8,3.3-62.8-12.3-75.8-22.1C806,49.6,745.3,8.7,694.9,4.7S492.4,59,473,67.3z\"\/>\n\t<path class=\"elementor-shape-fill\" opacity=\"0.66\" d=\"M734,67.3c-45.5,0-77.2-23.2-129.1-39.1c-28.6-8.7-150.3-10.1-254,39.1 s-91.7-34.4-149.2,0C115.7,118.3,0,39.8,0,39.8V0h1000v36.5c0,0-28.2-18.5-92.1-18.5C810.2,18.1,775.7,67.3,734,67.3z\"\/>\n\t<path class=\"elementor-shape-fill\" d=\"M766.1,28.9c-200-57.5-266,65.5-395.1,19.5C242,1.8,242,5.4,184.8,20.6C128,35.8,132.3,44.9,89.9,52.5C28.6,63.7,0,0,0,0 h1000c0,0-9.9,40.9-83.6,48.1S829.6,47,766.1,28.9z\"\/>\n<\/svg>\t\t<\/div>\n\t\t<div class=\"elementor-element elementor-element-1f7d3cd e-con-full e-flex e-con e-child\" data-id=\"1f7d3cd\" data-element_type=\"container\">\n\t\t\t\t<div class=\"elementor-element elementor-element-1dcd873 elementor-widget elementor-widget-image\" data-id=\"1dcd873\" data-element_type=\"widget\" data-widget_type=\"image.default\">\n\t\t\t\t<div class=\"elementor-widget-container\">\n\t\t\t\t\t\t\t\t\t\t\t\t\t\t\t<img decoding=\"async\" width=\"1024\" height=\"731\" src=\"https:\/\/i0.wp.com\/skillnjoy.com\/wp-content\/uploads\/2023\/11\/illustration_hero_bammer-scaled.jpeg?fit=1024%2C731&amp;ssl=1\" class=\"attachment-large size-large wp-image-958\" alt=\"\" srcset=\"https:\/\/i0.wp.com\/skillnjoy.com\/wp-content\/uploads\/2023\/11\/illustration_hero_bammer-scaled.jpeg?w=2560&amp;ssl=1 2560w, https:\/\/i0.wp.com\/skillnjoy.com\/wp-content\/uploads\/2023\/11\/illustration_hero_bammer-scaled.jpeg?resize=300%2C214&amp;ssl=1 300w, https:\/\/i0.wp.com\/skillnjoy.com\/wp-content\/uploads\/2023\/11\/illustration_hero_bammer-scaled.jpeg?resize=1024%2C731&amp;ssl=1 1024w, https:\/\/i0.wp.com\/skillnjoy.com\/wp-content\/uploads\/2023\/11\/illustration_hero_bammer-scaled.jpeg?resize=768%2C549&amp;ssl=1 768w, https:\/\/i0.wp.com\/skillnjoy.com\/wp-content\/uploads\/2023\/11\/illustration_hero_bammer-scaled.jpeg?resize=1536%2C1097&amp;ssl=1 1536w, https:\/\/i0.wp.com\/skillnjoy.com\/wp-content\/uploads\/2023\/11\/illustration_hero_bammer-scaled.jpeg?resize=2048%2C1463&amp;ssl=1 2048w, https:\/\/i0.wp.com\/skillnjoy.com\/wp-content\/uploads\/2023\/11\/illustration_hero_bammer-scaled.jpeg?w=2480 2480w\" sizes=\"(max-width: 1024px) 100vw, 1024px\" \/>\t\t\t\t\t\t\t\t\t\t\t\t\t\t\t<\/div>\n\t\t\t\t<\/div>\n\t\t\t\t<\/div>\n\t\t<div class=\"elementor-element elementor-element-45d1271 e-con-full e-flex e-con e-child\" data-id=\"45d1271\" data-element_type=\"container\">\n\t\t\t\t<div class=\"elementor-element elementor-element-9c30bd6 elementor-widget elementor-widget-text-editor\" data-id=\"9c30bd6\" data-element_type=\"widget\" data-widget_type=\"text-editor.default\">\n\t\t\t\t<div class=\"elementor-widget-container\">\n\t\t\t\t\t\t\t\t\t<p><b>Dynamisez les interactions :<\/b><\/p><ul><li>Mystery Party : Le collier de la reine<\/li><li>Mystery Party : Vol \u00e0 Abstergo<\/li><li>Mystery Party : Mission Skygate<\/li><\/ul><p><strong>Faites passer vos messages, am\u00e9liorer la communication et stimuler la cr\u00e9ativit\u00e9 et l&#8217;innovation :<\/strong><\/p><ul><li>Case D\u00e9part<\/li><li>Moteurs, Actions ! :<\/li><li>Th\u00e9\u00e2trez-vous :<\/li><\/ul><p><strong>F\u00e9d\u00e9rez vos \u00e9quipes, renforcez les liens , la confiance et la collaboration de vos collaborateurs :<\/strong><\/p><ul><li>Les Aventuriers du Pont Perdu<\/li><li>Beethoven Orchestra<\/li><li>Samba<\/li><li>The Voice Over Show<\/li><li>The Wizarding World<\/li><\/ul><p><strong>Challengez vos \u00e9quipes : se d\u00e9passer et d\u00e9velopper une synergie globale<\/strong><\/p><ul><li>Da Vinci Chars<\/li><li><span style=\"text-align: var(--text-align); letter-spacing: 0px;\">Les Jeux de l&#8217;Olympe<\/span><\/li><li>The Walking Game<\/li><\/ul>\t\t\t\t\t\t\t\t<\/div>\n\t\t\t\t<\/div>\n\t\t\t\t<div class=\"elementor-element elementor-element-bec4b76 elementor-widget elementor-widget-button\" data-id=\"bec4b76\" data-element_type=\"widget\" data-widget_type=\"button.default\">\n\t\t\t\t<div class=\"elementor-widget-container\">\n\t\t\t\t\t\t\t\t\t<div class=\"elementor-button-wrapper\">\n\t\t\t\t\t<a class=\"elementor-button elementor-button-link elementor-size-md\" href=\"https:\/\/skillnjoy.com\/index.php\/contactez-nous\/\" target=\"_blank\">\n\t\t\t\t\t\t<span class=\"elementor-button-content-wrapper\">\n\t\t\t\t\t\t\t\t\t<span class=\"elementor-button-text\">DEMANDER NOTRE CATALOGUE<\/span>\n\t\t\t\t\t<\/span>\n\t\t\t\t\t<\/a>\n\t\t\t\t<\/div>\n\t\t\t\t\t\t\t\t<\/div>\n\t\t\t\t<\/div>\n\t\t\t\t<\/div>\n\t\t\t\t\t<\/div>\n\t\t\t\t<\/div>\n\t\t\t\t<\/div>\n\t\t","protected":false},"excerpt":{"rendered":"<p>TEAM&#8217;N&#8217;JOY D\u00e9veloppez la coh\u00e9sion de votre \u00e9quipe Renforcez les liens, lib\u00e9rez le potentiel ! En tant que leader, vous savez que le succ\u00e8s de votre entreprise repose en grande partie sur la force de votre \u00e9quipe. Nos activit\u00e9s sont amusantes, engageantes et con\u00e7ues pour tous les niveaux de comp\u00e9tence. \u00a0 Elles sont adapt\u00e9es \u00e0 votre&hellip;<\/p>\n","protected":false},"author":1,"featured_media":0,"parent":0,"menu_order":0,"comment_status":"closed","ping_status":"closed","template":"","meta":{"footnotes":""},"class_list":["post-672","page","type-page","status-publish","hentry"],"jetpack_sharing_enabled":true,"_links":{"self":[{"href":"https:\/\/skillnjoy.com\/index.php\/wp-json\/wp\/v2\/pages\/672","targetHints":{"allow":["GET"]}}],"collection":[{"href":"https:\/\/skillnjoy.com\/index.php\/wp-json\/wp\/v2\/pages"}],"about":[{"href":"https:\/\/skillnjoy.com\/index.php\/wp-json\/wp\/v2\/types\/page"}],"author":[{"embeddable":true,"href":"https:\/\/skillnjoy.com\/index.php\/wp-json\/wp\/v2\/users\/1"}],"replies":[{"embeddable":true,"href":"https:\/\/skillnjoy.com\/index.php\/wp-json\/wp\/v2\/comments?post=672"}],"version-history":[{"count":96,"href":"https:\/\/skillnjoy.com\/index.php\/wp-json\/wp\/v2\/pages\/672\/revisions"}],"predecessor-version":[{"id":2703,"href":"https:\/\/skillnjoy.com\/index.php\/wp-json\/wp\/v2\/pages\/672\/revisions\/2703"}],"wp:attachment":[{"href":"https:\/\/skillnjoy.com\/index.php\/wp-json\/wp\/v2\/media?parent=672"}],"curies":[{"name":"wp","href":"https:\/\/api.w.org\/{rel}","templated":true}]}}