{"id":1009,"date":"2023-11-12T22:36:52","date_gmt":"2023-11-12T21:36:52","guid":{"rendered":"https:\/\/skillnjoy.com\/?page_id=1009"},"modified":"2025-05-21T21:56:24","modified_gmt":"2025-05-21T19:56:24","slug":"contactez-nous","status":"publish","type":"page","link":"https:\/\/skillnjoy.com\/index.php\/contactez-nous\/","title":{"rendered":"Contactez-nous"},"content":{"rendered":"\n<blockquote class=\"wp-block-quote is-style-default is-layout-flow wp-block-quote-is-layout-flow\">\n<p><em>Commence par faire le n\u00e9cessaire, puis fais ce qu\u2019il est possible de faire et tu r\u00e9aliseras l\u2019impossible sans t\u2019en apercevoir<\/em><\/p>\n<cite><em>Saint Fran\u00e7ois d\u2019Assises<\/em><\/cite><\/blockquote>\n\n\n\n<p>Que ce soit pour organiser un team building, ou vous aider \u00e0 d\u00e9velopper votre entreprise via nos ateliers d&#8217;intelligence collective, contactez-nous !<\/p>\n\n\n\n<p>Nous sommes l\u00e0 pour vous aider et pour r\u00e9pondre \u00e0 l\u2019ensemble de vos questions.&nbsp;<\/p>\n\n\n<div class=\"wp-block-jetpack-contact-form\"><a href=\"https:\/\/skillnjoy.com\/index.php\/contactez-nous\/\" target=\"_blank\" rel=\"noopener noreferrer\">Submit a form.<\/a><\/div>","protected":false},"excerpt":{"rendered":"<p>Commence par faire le n\u00e9cessaire, puis fais ce qu\u2019il est possible de faire et tu r\u00e9aliseras l\u2019impossible sans t\u2019en apercevoir Saint Fran\u00e7ois d\u2019Assises Que ce soit pour organiser un team building, ou vous aider \u00e0 d\u00e9velopper votre entreprise via nos ateliers d&#8217;intelligence collective, contactez-nous ! Nous sommes l\u00e0 pour vous aider et pour r\u00e9pondre \u00e0&hellip;<\/p>\n","protected":false},"author":1,"featured_media":0,"parent":0,"menu_order":0,"comment_status":"closed","ping_status":"closed","template":"","meta":{"footnotes":""},"class_list":["post-1009","page","type-page","status-publish","hentry"],"jetpack_sharing_enabled":true,"_links":{"self":[{"href":"https:\/\/skillnjoy.com\/index.php\/wp-json\/wp\/v2\/pages\/1009","targetHints":{"allow":["GET"]}}],"collection":[{"href":"https:\/\/skillnjoy.com\/index.php\/wp-json\/wp\/v2\/pages"}],"about":[{"href":"https:\/\/skillnjoy.com\/index.php\/wp-json\/wp\/v2\/types\/page"}],"author":[{"embeddable":true,"href":"https:\/\/skillnjoy.com\/index.php\/wp-json\/wp\/v2\/users\/1"}],"replies":[{"embeddable":true,"href":"https:\/\/skillnjoy.com\/index.php\/wp-json\/wp\/v2\/comments?post=1009"}],"version-history":[{"count":7,"href":"https:\/\/skillnjoy.com\/index.php\/wp-json\/wp\/v2\/pages\/1009\/revisions"}],"predecessor-version":[{"id":2708,"href":"https:\/\/skillnjoy.com\/index.php\/wp-json\/wp\/v2\/pages\/1009\/revisions\/2708"}],"wp:attachment":[{"href":"https:\/\/skillnjoy.com\/index.php\/wp-json\/wp\/v2\/media?parent=1009"}],"curies":[{"name":"wp","href":"https:\/\/api.w.org\/{rel}","templated":true}]}}